{"id":4870,"date":"2026-03-10T11:27:50","date_gmt":"2026-03-10T10:27:50","guid":{"rendered":"https:\/\/gasthof-koenigstuhl.de\/krueger-rocks-the-koenigstuhl\/"},"modified":"2026-04-11T12:25:37","modified_gmt":"2026-04-11T10:25:37","slug":"krueger-rocks-the-koenigstuhl","status":"publish","type":"page","link":"https:\/\/gasthof-koenigstuhl.de\/en\/krueger-rocks-the-koenigstuhl\/","title":{"rendered":"Kr\u00fcger rocks! the K\u00f6nigstuhl!"},"content":{"rendered":"<p><div class=\"fusion-fullwidth fullwidth-box fusion-builder-row-1 fusion-flex-container has-pattern-background has-mask-background fusion-parallax-none nonhundred-percent-fullwidth non-hundred-percent-height-scrolling\" style=\"--awb-border-radius-top-left:0px;--awb-border-radius-top-right:0px;--awb-border-radius-bottom-right:0px;--awb-border-radius-bottom-left:0px;--awb-background-image:url(&quot;https:\/\/gasthof-koenigstuhl.de\/wp-content\/uploads\/2026\/03\/Pressefoto-Krueger-Rockt-2018-2.jpg&quot;);--awb-background-size:cover;--awb-flex-wrap:wrap;\" ><div class=\"fusion-builder-row fusion-row fusion-flex-align-items-flex-start fusion-flex-content-wrap\" style=\"max-width:1612px;margin-left: calc(-4% \/ 2 );margin-right: calc(-4% \/ 2 );\"><div class=\"fusion-layout-column fusion_builder_column fusion-builder-column-0 fusion_builder_column_1_1 1_1 fusion-flex-column fusion-flex-align-self-flex-end\" style=\"--awb-bg-size:cover;--awb-width-large:100%;--awb-margin-top-large:129px;--awb-spacing-right-large:1.92%;--awb-margin-bottom-large:0px;--awb-spacing-left-large:1.92%;--awb-width-medium:100%;--awb-order-medium:0;--awb-margin-top-medium:128px;--awb-spacing-right-medium:1.92%;--awb-margin-bottom-medium:0;--awb-spacing-left-medium:1.92%;--awb-width-small:100%;--awb-order-small:0;--awb-margin-top-small:120px;--awb-spacing-right-small:1.92%;--awb-margin-bottom-small:0;--awb-spacing-left-small:1.92%;\"><div class=\"fusion-column-wrapper fusion-column-has-shadow fusion-flex-justify-content-flex-start fusion-content-layout-row\"><div class=\"fusion-text fusion-text-1\" style=\"--awb-text-color:var(--awb-color4);\"><p><a class=\"custom-button-link\" href=\"https:\/\/gasthof-koenigstuhl.de\/en\/specials\/\"><i class=\"fb-icon-element-1 fb-icon-element fontawesome-icon arrowsarrow circle-no fusion-text-flow\" style=\"--awb-iconcolor:var(--awb-color4);--awb-iconcolor-hover:var(--awb-color4);--awb-font-size:12px;--awb-margin-right:6px;\"><\/i>\n<span class=\"custom-button-text\">ALL SPECIALS<\/span><br \/>\n<\/a><\/p>\n<\/div><\/div><\/div><div class=\"fusion-layout-column fusion_builder_column fusion-builder-column-1 fusion_builder_column_1_1 1_1 fusion-flex-column fusion-flex-align-self-flex-end\" style=\"--awb-bg-size:cover;--awb-width-large:100%;--awb-margin-top-large:500px;--awb-spacing-right-large:1.92%;--awb-margin-bottom-large:127px;--awb-spacing-left-large:1.92%;--awb-width-medium:100%;--awb-order-medium:0;--awb-margin-top-medium:200px;--awb-spacing-right-medium:1.92%;--awb-spacing-left-medium:1.92%;--awb-width-small:100%;--awb-order-small:0;--awb-margin-top-small:128px;--awb-spacing-right-small:1.92%;--awb-spacing-left-small:1.92%;\"><div class=\"fusion-column-wrapper fusion-column-has-shadow fusion-flex-justify-content-flex-start fusion-content-layout-column\"><div class=\"fusion-title title fusion-title-1 fusion-sep-none fusion-title-center fusion-title-text fusion-title-size-one h2s\" style=\"--awb-text-color:var(--awb-color4);\"><h1 class=\"fusion-title-heading title-heading-center fusion-responsive-typography-calculated\" style=\"margin:0;--fontSize:60;line-height:1.2;\">Kr\u00fcger rocks! the K\u00f6nigstuhl!<\/h1><\/div><\/div><\/div><\/div><\/div><div class=\"fusion-fullwidth fullwidth-box fusion-builder-row-2 fusion-flex-container has-pattern-background has-mask-background nonhundred-percent-fullwidth non-hundred-percent-height-scrolling\" style=\"--awb-border-radius-top-left:0px;--awb-border-radius-top-right:0px;--awb-border-radius-bottom-right:0px;--awb-border-radius-bottom-left:0px;--awb-margin-bottom:156px;--awb-margin-bottom-medium:96px;--awb-margin-bottom-small:96px;--awb-flex-wrap:wrap;\" ><div class=\"fusion-builder-row fusion-row fusion-flex-align-items-flex-start fusion-flex-align-content-flex-end fusion-flex-justify-content-center fusion-flex-content-wrap\" style=\"max-width:1612px;margin-left: calc(-4% \/ 2 );margin-right: calc(-4% \/ 2 );\"><div class=\"fusion-layout-column fusion_builder_column fusion-builder-column-2 fusion_builder_column_5_6 5_6 fusion-flex-column\" style=\"--awb-bg-size:cover;--awb-width-large:83.3333333333%;--awb-margin-top-large:148px;--awb-spacing-right-large:2.304%;--awb-margin-bottom-large:0px;--awb-spacing-left-large:2.304%;--awb-width-medium:83.3333333333%;--awb-order-medium:0;--awb-spacing-right-medium:2.304%;--awb-spacing-left-medium:2.304%;--awb-width-small:100%;--awb-order-small:0;--awb-spacing-right-small:1.92%;--awb-spacing-left-small:1.92%;\"><div class=\"fusion-column-wrapper fusion-column-has-shadow fusion-flex-justify-content-flex-start fusion-content-layout-column\"><div class=\"fusion-title title fusion-title-2 fusion-sep-none fusion-title-center fusion-title-text fusion-title-size-two h4s\" style=\"--awb-text-color:var(--awb-color5);--awb-margin-bottom:30px;\"><h2 class=\"fusion-title-heading title-heading-center fusion-responsive-typography-calculated\" style=\"margin:0;--fontSize:50;line-height:1.28;\">April 30, 2026 &#8211; Kr\u00fcger rocks the K\u00f6nigstuhl!<\/h2><\/div><div class=\"fusion-title title fusion-title-3 fusion-sep-none fusion-title-center fusion-title-text fusion-title-size-two h1s\" style=\"--awb-text-color:var(--awb-color5);--awb-margin-top:0px;\"><h2 class=\"fusion-title-heading title-heading-center fusion-responsive-typography-calculated\" style=\"margin:0;--fontSize:50;line-height:1.28;\">Kr\u00fcger rocks! the K\u00f6nigstuhl!<\/h2><\/div><\/div><\/div><div class=\"fusion-layout-column fusion_builder_column fusion-builder-column-3 fusion_builder_column_3_5 3_5 fusion-flex-column\" style=\"--awb-bg-size:cover;--awb-width-large:60%;--awb-margin-top-large:56px;--awb-spacing-right-large:3.2%;--awb-margin-bottom-large:0px;--awb-spacing-left-large:3.2%;--awb-width-medium:75%;--awb-order-medium:0;--awb-spacing-right-medium:2.56%;--awb-margin-bottom-medium:0px;--awb-spacing-left-medium:2.56%;--awb-width-small:100%;--awb-order-small:0;--awb-spacing-right-small:1.92%;--awb-margin-bottom-small:0px;--awb-spacing-left-small:1.92%;\"><div class=\"fusion-column-wrapper fusion-column-has-shadow fusion-flex-justify-content-flex-start fusion-content-layout-column\"><div class=\"fusion-text fusion-text-2\" style=\"--awb-content-alignment:center;\"><p><span style=\"color: #7e947e;\">LIVE MUSIC &#8211; FROM 6 P.M. TO 11 P.M.  <\/span><\/p>\n<\/div><\/div><\/div><\/div><\/div><div class=\"fusion-fullwidth fullwidth-box fusion-builder-row-3 fusion-flex-container has-pattern-background has-mask-background nonhundred-percent-fullwidth non-hundred-percent-height-scrolling\" style=\"--awb-border-radius-top-left:0px;--awb-border-radius-top-right:0px;--awb-border-radius-bottom-right:0px;--awb-border-radius-bottom-left:0px;--awb-flex-wrap:wrap;\" ><div class=\"fusion-builder-row fusion-row fusion-flex-align-items-flex-start fusion-flex-content-wrap\" style=\"max-width:1612px;margin-left: calc(-4% \/ 2 );margin-right: calc(-4% \/ 2 );\"><div class=\"fusion-layout-column fusion_builder_column fusion-builder-column-4 fusion_builder_column_1_1 1_1 fusion-flex-column\" style=\"--awb-bg-size:cover;--awb-width-large:100%;--awb-margin-top-large:0px;--awb-spacing-right-large:1.92%;--awb-margin-bottom-large:20px;--awb-spacing-left-large:1.92%;--awb-width-medium:100%;--awb-order-medium:0;--awb-spacing-right-medium:1.92%;--awb-spacing-left-medium:1.92%;--awb-width-small:100%;--awb-order-small:0;--awb-spacing-right-small:1.92%;--awb-spacing-left-small:1.92%;\"><div class=\"fusion-column-wrapper fusion-column-has-shadow fusion-flex-justify-content-flex-start fusion-content-layout-column\"><div class=\"fusion-title title fusion-title-4 fusion-sep-none fusion-title-text fusion-title-size-two h2s\"><h2 class=\"fusion-title-heading title-heading-left fusion-responsive-typography-calculated\" style=\"margin:0;--fontSize:50;line-height:1.28;\"><div style=\"display: flex; align-items: center; justify-content: left;\">\n<div class=\"strich-desktop\" style=\"width: 72px; height: 1px; background-color: #2f3b2f; margin-right: 12px; padding-left: 0px;\"><\/div>\n<p style=\"margin: 0;\">Kr\u00fcger rocks! the K\u00f6nigstuhl!<br \/>\n<em>Rock&#8217;n&#8217;Roll above Heidelberg<\/em><\/p>\n<\/div><\/h2><\/div><\/div><\/div><\/div><\/div><div class=\"fusion-fullwidth fullwidth-box fusion-builder-row-4 fusion-flex-container has-pattern-background has-mask-background responsive-divider nonhundred-percent-fullwidth non-hundred-percent-height-scrolling\" style=\"--awb-border-radius-top-left:0px;--awb-border-radius-top-right:0px;--awb-border-radius-bottom-right:0px;--awb-border-radius-bottom-left:0px;--awb-margin-bottom:148px;--awb-margin-bottom-medium:96px;--awb-margin-bottom-small:96px;--awb-flex-wrap:wrap;\" ><div class=\"fusion-builder-row fusion-row fusion-flex-align-items-flex-start fusion-flex-align-content-flex-end fusion-flex-justify-content-space-between fusion-flex-content-wrap\" style=\"max-width:1612px;margin-left: calc(-4% \/ 2 );margin-right: calc(-4% \/ 2 );\"><div class=\"fusion-layout-column fusion_builder_column fusion-builder-column-5 fusion-flex-column column-left\" style=\"--awb-bg-size:cover;--awb-width-large:48%;--awb-margin-top-large:0px;--awb-spacing-right-large:4%;--awb-margin-bottom-large:0px;--awb-spacing-left-large:4%;--awb-width-medium:100%;--awb-order-medium:0;--awb-spacing-right-medium:1.92%;--awb-spacing-left-medium:1.92%;--awb-width-small:100%;--awb-order-small:0;--awb-spacing-right-small:1.92%;--awb-spacing-left-small:1.92%;\"><div class=\"fusion-column-wrapper fusion-column-has-shadow fusion-flex-justify-content-flex-start fusion-content-layout-column\"><div class=\"fusion-text fusion-text-3\"><div style=\"margin-bottom: 16px;\">\n<p data-start=\"298\" data-end=\"601\">On <strong data-start=\"301\" data-end=\"319\">April 30, 2026<\/strong>, the K\u00f6nigstuhl will shift up a gear musically.<br data-start=\"382\" data-end=\"385\">The band <strong data-start=\"394\" data-end=\"411\">Kr\u00fcger Rockt!<\/strong> brings real rock&#8217;n&#8217;roll to the mountain with their mobile band &#8211; with classics from the great days of Elvis, Jerry Lee Lewis &amp; Co. that have been known to get even people with a firm footing on the dance floor.<\/p>\n<p data-start=\"603\" data-end=\"722\">While the lights slowly come on down in Heidelberg, the same applies upstairs: <strong data-start=\"671\" data-end=\"697\">This is where the music plays.<\/strong><br data-start=\"697\" data-end=\"700\">And with a panorama.<\/p>\n<p data-start=\"724\" data-end=\"910\">Look forward to an evening of <strong data-start=\"760\" data-end=\"824\">live rock&#8217;n&#8217;roll, good views and American barbecue<\/strong> &#8211; because, as we all know, a BBQ tastes even better <strong data-start=\"861\" data-end=\"884\">at 567 meters above sea level<\/strong>.<\/p>\n<p data-start=\"912\" data-end=\"1025\">In short:<br data-start=\"924\" data-end=\"927\">An evening for all those who think that <strong data-start=\"964\" data-end=\"1025\">rock&#8217;n&#8217;roll is simply closer to heaven on a mountain.<\/strong><\/p>\n<p data-start=\"1027\" data-end=\"1117\">And because the calendar wants it that way, we dance <strong data-start=\"1102\" data-end=\"1117\">into May<\/strong> at the same time.<\/p>\n<\/div>\n<\/div><\/div><\/div><div class=\"fusion-layout-column fusion_builder_column fusion-builder-column-6 fusion-flex-column column-right\" style=\"--awb-bg-size:cover;--awb-width-large:48%;--awb-margin-top-large:0px;--awb-spacing-right-large:4%;--awb-margin-bottom-large:0px;--awb-spacing-left-large:4%;--awb-width-medium:100%;--awb-order-medium:0;--awb-spacing-right-medium:1.92%;--awb-spacing-left-medium:1.92%;--awb-width-small:100%;--awb-order-small:0;--awb-spacing-right-small:1.92%;--awb-spacing-left-small:1.92%;\"><div class=\"fusion-column-wrapper fusion-column-has-shadow fusion-flex-justify-content-flex-start fusion-content-layout-column\"><div class=\"fusion-text fusion-text-4\" style=\"--awb-text-color:var(--awb-color5);\"><p style=\"margin-bottom: 16px;\">The price is Euro 69.00 per person incl. welcome drink and American barbecue buffet.<\/p>\n<p><a href=\"https:\/\/pretix.eu\/koenigstuhl\/krueger-rockt\/\" target=\"_blank\" rel=\"noopener\">Ticket store for Kr\u00fcger! Rock the K\u00f6nigstuhl!<\/a><\/p>\n<p><a href=\"https:\/\/www.youtube.com\/watch?v=cT1huuPmAw4\" target=\"_blank\" rel=\"noopener\">That&#8217;s how Kr\u00fcger Rocks!<\/a><\/p>\n<p><a href=\"https:\/\/gasthof-koenigstuhl.de\/wp-content\/uploads\/2026\/04\/Buffet_KruegerRockt_2026_020426.pdf\" target=\"_blank\" rel=\"noopener\">Kr\u00fcger rocks the K\u00f6nigstuhl &#8211; The American BBQ buffet!<\/a><\/p>\n<\/div><\/div><\/div><\/div><\/div><div class=\"fusion-fullwidth fullwidth-box fusion-builder-row-5 fusion-flex-container has-pattern-background has-mask-background nonhundred-percent-fullwidth non-hundred-percent-height-scrolling\" style=\"--awb-border-radius-top-left:0px;--awb-border-radius-top-right:0px;--awb-border-radius-bottom-right:0px;--awb-border-radius-bottom-left:0px;--awb-flex-wrap:wrap;\" ><div class=\"fusion-builder-row fusion-row fusion-flex-align-items-center fusion-flex-align-content-flex-end fusion-flex-justify-content-space-between fusion-flex-content-wrap\" style=\"max-width:1612px;margin-left: calc(-4% \/ 2 );margin-right: calc(-4% \/ 2 );\"><div class=\"fusion-layout-column fusion_builder_column fusion-builder-column-7 fusion-flex-column zweispaltiger-text-col\" style=\"--awb-bg-size:cover;--awb-width-large:42%;--awb-margin-top-large:0px;--awb-spacing-right-large:4.57142857143%;--awb-margin-bottom-large:0px;--awb-spacing-left-large:4.57142857143%;--awb-width-medium:50%;--awb-order-medium:0;--awb-spacing-right-medium:3.84%;--awb-spacing-left-medium:3.84%;--awb-width-small:100%;--awb-order-small:0;--awb-spacing-right-small:1.92%;--awb-spacing-left-small:1.92%;\"><div class=\"fusion-column-wrapper fusion-column-has-shadow fusion-flex-justify-content-flex-start fusion-content-layout-column\"><div class=\"fusion-title title fusion-title-5 fusion-sep-none fusion-title-text fusion-title-size-two h2s\" style=\"--awb-text-color:var(--awb-color5);--awb-margin-bottom:56px;--awb-margin-bottom-small:32px;--awb-margin-bottom-medium:32px;\"><h2 class=\"fusion-title-heading title-heading-left fusion-responsive-typography-calculated\" style=\"margin:0;--fontSize:50;line-height:1.28;\">Period &amp; Contact<\/h2><\/div><div class=\"fusion-text fusion-text-5\"><p><span style=\"font-family: 'Effra Light'; color: #324031;\" data-fusion-font=\"true\">30 APRIL 2026<\/span><\/p>\n<\/div><div class=\"fusion-text fusion-text-6 fusion-text-no-margin\" style=\"--awb-margin-bottom:40px;\"><div style=\"line-height: 2.0;\"><span style=\"font-family: 'Effra Medium'; color: #324031;\"><span style=\"font-family: 'Effra Light';\" data-fusion-font=\"true\">BE<\/span><span style=\"font-family: 'Effra Light';\" data-fusion-font=\"true\">RGGASTHOF K\u00d6NIGSTUHL<\/span><\/span><br \/>\nK\u00d6NIGSTUHL 2<br \/>\n69117 HEIDELBERG<br \/>\nTEL.: <a href=\"tel:+4962214160300\">06221\/4160300<\/a><br \/>\nE-MAIL: <a href=\"mailto:info@gasthof-koenigstuhl.de\">INFO@GASTHOF-KOENIGSTUHL.DE<\/a><\/div>\n<\/div><\/div><\/div><div class=\"fusion-layout-column fusion_builder_column fusion-builder-column-8 fusion-flex-column\" style=\"--awb-bg-image:url(&#039;https:\/\/gasthof-koenigstuhl.de\/wp-content\/uploads\/2026\/03\/Logo-Projektor-scaled.jpg&#039;);--awb-bg-size:cover;--awb-width-large:55%;--awb-margin-top-large:0px;--awb-spacing-right-large:3.49090909091%;--awb-margin-bottom-large:0px;--awb-spacing-left-large:3.49090909091%;--awb-width-medium:50%;--awb-order-medium:0;--awb-spacing-right-medium:3.84%;--awb-spacing-left-medium:3.84%;--awb-width-small:100%;--awb-order-small:0;--awb-spacing-right-small:1.92%;--awb-spacing-left-small:1.92%;\" data-scroll-devices=\"small-visibility,medium-visibility,large-visibility\"><div class=\"fusion-column-wrapper fusion-column-has-shadow fusion-flex-justify-content-flex-start fusion-content-layout-column fusion-empty-column-bg-image fusion-column-has-bg-image\" data-bg-url=\"https:\/\/gasthof-koenigstuhl.de\/wp-content\/uploads\/2026\/03\/Logo-Projektor-scaled.jpg\"><img decoding=\"async\" class=\"fusion-empty-dims-img-placeholder\" aria-label=\"Logo-Projektor\" src=\"data:image\/svg+xml,%3Csvg%20xmlns%3D%27http%3A%2F%2Fwww.w3.org%2F2000%2Fsvg%27%20width%3D%272560%27%20height%3D%271440%27%20viewBox%3D%270%200%202560%201440%27%3E%3Crect%20width%3D%272560%27%20height%3D%271440%27%20fill-opacity%3D%220%22%2F%3E%3C%2Fsvg%3E\"><\/div><\/div><\/div><\/div><div class=\"fusion-fullwidth fullwidth-box fusion-builder-row-6 fusion-flex-container has-pattern-background has-mask-background nonhundred-percent-fullwidth non-hundred-percent-height-scrolling\" style=\"--awb-border-radius-top-left:0px;--awb-border-radius-top-right:0px;--awb-border-radius-bottom-right:0px;--awb-border-radius-bottom-left:0px;--awb-margin-top:168px;--awb-margin-top-medium:96px;--awb-margin-top-small:96px;--awb-flex-wrap:wrap;\" ><div class=\"fusion-builder-row fusion-row fusion-flex-align-items-flex-start fusion-flex-content-wrap\" style=\"max-width:1612px;margin-left: calc(-4% \/ 2 );margin-right: calc(-4% \/ 2 );\"><div class=\"fusion-layout-column fusion_builder_column fusion-builder-column-9 fusion_builder_column_1_1 1_1 fusion-flex-column\" style=\"--awb-bg-image:url(&#039;https:\/\/gasthof-koenigstuhl.de\/wp-content\/uploads\/2025\/05\/Trenner@2x.png&#039;);--awb-bg-size:cover;--awb-width-large:100%;--awb-margin-top-large:0px;--awb-spacing-right-large:1.92%;--awb-margin-bottom-large:0px;--awb-spacing-left-large:1.92%;--awb-width-medium:100%;--awb-order-medium:0;--awb-spacing-right-medium:1.92%;--awb-spacing-left-medium:1.92%;--awb-width-small:100%;--awb-order-small:0;--awb-spacing-right-small:1.92%;--awb-spacing-left-small:1.92%;\"><div class=\"fusion-column-wrapper fusion-column-has-shadow fusion-flex-justify-content-flex-start fusion-content-layout-column fusion-column-has-bg-image\" data-bg-url=\"https:\/\/gasthof-koenigstuhl.de\/wp-content\/uploads\/2025\/05\/Trenner@2x.png\"><div class=\"fusion-title title fusion-title-6 fusion-sep-none fusion-title-center fusion-title-text fusion-title-size-three h2s\" style=\"--awb-text-color:var(--awb-color4);--awb-margin-top:718px;--awb-margin-bottom:112px;--awb-margin-top-small:200px;--awb-margin-bottom-small:80px;--awb-margin-top-medium:200px;--awb-margin-bottom-medium:80px;\"><h3 class=\"fusion-title-heading title-heading-center fusion-responsive-typography-calculated\" style=\"margin:0;--fontSize:36;line-height:1.3;\"><p>Your retreat at 570 meters<br \/>\n<!-- notionvc: 056d0c81-9975-434a-8aae-cb6fb35d3f3d --><\/p><\/h3><\/div><\/div><\/div><\/div><\/div>\n<\/p>\n","protected":false},"excerpt":{"rendered":"","protected":false},"author":2,"featured_media":0,"parent":0,"menu_order":0,"comment_status":"closed","ping_status":"closed","template":"100-width.php","meta":{"_acf_changed":false,"footnotes":""},"class_list":["post-4870","page","type-page","status-publish","hentry"],"acf":[],"yoast_head":"<!-- This site is optimized with the Yoast SEO plugin v26.8 - https:\/\/yoast.com\/product\/yoast-seo-wordpress\/ -->\n<title>Kr\u00fcger rocks! the K\u00f6nigstuhl! %<\/title>\n<meta name=\"description\" content=\"On April 30, 2026, the K\u00f6nigstuhl will shift up a gear musically. Kr\u00fcger Rockt! brings real rock&#039;n&#039;roll with a view.\" \/>\n<meta name=\"robots\" content=\"index, follow, max-snippet:-1, max-image-preview:large, max-video-preview:-1\" \/>\n<link rel=\"canonical\" href=\"https:\/\/gasthof-koenigstuhl.de\/en\/krueger-rocks-the-koenigstuhl\/\" \/>\n<meta property=\"og:locale\" content=\"en_US\" \/>\n<meta property=\"og:type\" content=\"article\" \/>\n<meta property=\"og:title\" content=\"Kr\u00fcger rocks! the K\u00f6nigstuhl! %\" \/>\n<meta property=\"og:description\" content=\"On April 30, 2026, the K\u00f6nigstuhl will shift up a gear musically. Kr\u00fcger Rockt! brings real rock&#039;n&#039;roll with a view.\" \/>\n<meta property=\"og:url\" content=\"https:\/\/gasthof-koenigstuhl.de\/en\/krueger-rocks-the-koenigstuhl\/\" \/>\n<meta property=\"og:site_name\" content=\"Gasthof K\u00f6nigstuhl\" \/>\n<meta property=\"article:modified_time\" content=\"2026-04-11T10:25:37+00:00\" \/>\n<meta name=\"twitter:card\" content=\"summary_large_image\" \/>\n<meta name=\"twitter:label1\" content=\"Est. reading time\" \/>\n\t<meta name=\"twitter:data1\" content=\"32 minutes\" \/>\n<script type=\"application\/ld+json\" class=\"yoast-schema-graph\">{\"@context\":\"https:\/\/schema.org\",\"@graph\":[{\"@type\":\"WebPage\",\"@id\":\"https:\/\/gasthof-koenigstuhl.de\/en\/krueger-rocks-the-koenigstuhl\/\",\"url\":\"https:\/\/gasthof-koenigstuhl.de\/en\/krueger-rocks-the-koenigstuhl\/\",\"name\":\"Kr\u00fcger rocks! the K\u00f6nigstuhl! %\",\"isPartOf\":{\"@id\":\"https:\/\/gasthof-koenigstuhl.de\/en\/#website\"},\"datePublished\":\"2026-03-10T10:27:50+00:00\",\"dateModified\":\"2026-04-11T10:25:37+00:00\",\"description\":\"On April 30, 2026, the K\u00f6nigstuhl will shift up a gear musically. Kr\u00fcger Rockt! brings real rock'n'roll with a view.\",\"breadcrumb\":{\"@id\":\"https:\/\/gasthof-koenigstuhl.de\/en\/krueger-rocks-the-koenigstuhl\/#breadcrumb\"},\"inLanguage\":\"en-US\",\"potentialAction\":[{\"@type\":\"ReadAction\",\"target\":[\"https:\/\/gasthof-koenigstuhl.de\/en\/krueger-rocks-the-koenigstuhl\/\"]}]},{\"@type\":\"BreadcrumbList\",\"@id\":\"https:\/\/gasthof-koenigstuhl.de\/en\/krueger-rocks-the-koenigstuhl\/#breadcrumb\",\"itemListElement\":[{\"@type\":\"ListItem\",\"position\":1,\"name\":\"Startseite\",\"item\":\"https:\/\/gasthof-koenigstuhl.de\/en\/home-page\/\"},{\"@type\":\"ListItem\",\"position\":2,\"name\":\"Kr\u00fcger rocks! the K\u00f6nigstuhl!\"}]},{\"@type\":\"WebSite\",\"@id\":\"https:\/\/gasthof-koenigstuhl.de\/en\/#website\",\"url\":\"https:\/\/gasthof-koenigstuhl.de\/en\/\",\"name\":\"Gasthof K\u00f6nigstuhl\",\"description\":\"\",\"potentialAction\":[{\"@type\":\"SearchAction\",\"target\":{\"@type\":\"EntryPoint\",\"urlTemplate\":\"https:\/\/gasthof-koenigstuhl.de\/en\/?s={search_term_string}\"},\"query-input\":{\"@type\":\"PropertyValueSpecification\",\"valueRequired\":true,\"valueName\":\"search_term_string\"}}],\"inLanguage\":\"en-US\"}]}<\/script>\n<!-- \/ Yoast SEO plugin. -->","yoast_head_json":{"title":"Kr\u00fcger rocks! the K\u00f6nigstuhl! %","description":"On April 30, 2026, the K\u00f6nigstuhl will shift up a gear musically. Kr\u00fcger Rockt! brings real rock'n'roll with a view.","robots":{"index":"index","follow":"follow","max-snippet":"max-snippet:-1","max-image-preview":"max-image-preview:large","max-video-preview":"max-video-preview:-1"},"canonical":"https:\/\/gasthof-koenigstuhl.de\/en\/krueger-rocks-the-koenigstuhl\/","og_locale":"en_US","og_type":"article","og_title":"Kr\u00fcger rocks! the K\u00f6nigstuhl! %","og_description":"On April 30, 2026, the K\u00f6nigstuhl will shift up a gear musically. Kr\u00fcger Rockt! brings real rock'n'roll with a view.","og_url":"https:\/\/gasthof-koenigstuhl.de\/en\/krueger-rocks-the-koenigstuhl\/","og_site_name":"Gasthof K\u00f6nigstuhl","article_modified_time":"2026-04-11T10:25:37+00:00","twitter_card":"summary_large_image","twitter_misc":{"Est. reading time":"32 minutes"},"schema":{"@context":"https:\/\/schema.org","@graph":[{"@type":"WebPage","@id":"https:\/\/gasthof-koenigstuhl.de\/en\/krueger-rocks-the-koenigstuhl\/","url":"https:\/\/gasthof-koenigstuhl.de\/en\/krueger-rocks-the-koenigstuhl\/","name":"Kr\u00fcger rocks! the K\u00f6nigstuhl! %","isPartOf":{"@id":"https:\/\/gasthof-koenigstuhl.de\/en\/#website"},"datePublished":"2026-03-10T10:27:50+00:00","dateModified":"2026-04-11T10:25:37+00:00","description":"On April 30, 2026, the K\u00f6nigstuhl will shift up a gear musically. Kr\u00fcger Rockt! brings real rock'n'roll with a view.","breadcrumb":{"@id":"https:\/\/gasthof-koenigstuhl.de\/en\/krueger-rocks-the-koenigstuhl\/#breadcrumb"},"inLanguage":"en-US","potentialAction":[{"@type":"ReadAction","target":["https:\/\/gasthof-koenigstuhl.de\/en\/krueger-rocks-the-koenigstuhl\/"]}]},{"@type":"BreadcrumbList","@id":"https:\/\/gasthof-koenigstuhl.de\/en\/krueger-rocks-the-koenigstuhl\/#breadcrumb","itemListElement":[{"@type":"ListItem","position":1,"name":"Startseite","item":"https:\/\/gasthof-koenigstuhl.de\/en\/home-page\/"},{"@type":"ListItem","position":2,"name":"Kr\u00fcger rocks! the K\u00f6nigstuhl!"}]},{"@type":"WebSite","@id":"https:\/\/gasthof-koenigstuhl.de\/en\/#website","url":"https:\/\/gasthof-koenigstuhl.de\/en\/","name":"Gasthof K\u00f6nigstuhl","description":"","potentialAction":[{"@type":"SearchAction","target":{"@type":"EntryPoint","urlTemplate":"https:\/\/gasthof-koenigstuhl.de\/en\/?s={search_term_string}"},"query-input":{"@type":"PropertyValueSpecification","valueRequired":true,"valueName":"search_term_string"}}],"inLanguage":"en-US"}]}},"_links":{"self":[{"href":"https:\/\/gasthof-koenigstuhl.de\/en\/wp-json\/wp\/v2\/pages\/4870","targetHints":{"allow":["GET"]}}],"collection":[{"href":"https:\/\/gasthof-koenigstuhl.de\/en\/wp-json\/wp\/v2\/pages"}],"about":[{"href":"https:\/\/gasthof-koenigstuhl.de\/en\/wp-json\/wp\/v2\/types\/page"}],"author":[{"embeddable":true,"href":"https:\/\/gasthof-koenigstuhl.de\/en\/wp-json\/wp\/v2\/users\/2"}],"replies":[{"embeddable":true,"href":"https:\/\/gasthof-koenigstuhl.de\/en\/wp-json\/wp\/v2\/comments?post=4870"}],"version-history":[{"count":10,"href":"https:\/\/gasthof-koenigstuhl.de\/en\/wp-json\/wp\/v2\/pages\/4870\/revisions"}],"predecessor-version":[{"id":4955,"href":"https:\/\/gasthof-koenigstuhl.de\/en\/wp-json\/wp\/v2\/pages\/4870\/revisions\/4955"}],"wp:attachment":[{"href":"https:\/\/gasthof-koenigstuhl.de\/en\/wp-json\/wp\/v2\/media?parent=4870"}],"curies":[{"name":"wp","href":"https:\/\/api.w.org\/{rel}","templated":true}]}}