{"id":3495,"date":"2025-08-11T16:24:47","date_gmt":"2025-08-11T14:24:47","guid":{"rendered":"https:\/\/gasthof-koenigstuhl.de\/hut-fun-2025\/"},"modified":"2026-01-01T11:51:32","modified_gmt":"2026-01-01T10:51:32","slug":"hut-fun-2025","status":"publish","type":"page","link":"https:\/\/gasthof-koenigstuhl.de\/en\/hut-fun-2025\/","title":{"rendered":"H\u00fcttengaudi 2026"},"content":{"rendered":"<p><div class=\"fusion-fullwidth fullwidth-box fusion-builder-row-1 fusion-flex-container has-pattern-background has-mask-background fusion-parallax-none nonhundred-percent-fullwidth non-hundred-percent-height-scrolling\" style=\"--awb-background-blend-mode:overlay;--awb-border-radius-top-left:0px;--awb-border-radius-top-right:0px;--awb-border-radius-bottom-right:0px;--awb-border-radius-bottom-left:0px;--awb-background-color:rgba(0,0,0,0.22);--awb-background-image:url(&quot;https:\/\/gasthof-koenigstuhl.de\/wp-content\/uploads\/2025\/08\/Berggasthof-Koenigstuhl-Oktober-Feierstimmung-Shooting-2021-10-06-104-3.jpg&quot;);--awb-background-size:cover;--awb-flex-wrap:wrap;\" ><div class=\"fusion-builder-row fusion-row fusion-flex-align-items-flex-start fusion-flex-content-wrap\" style=\"max-width:1612px;margin-left: calc(-4% \/ 2 );margin-right: calc(-4% \/ 2 );\"><div class=\"fusion-layout-column fusion_builder_column fusion-builder-column-0 fusion_builder_column_1_1 1_1 fusion-flex-column fusion-flex-align-self-flex-end\" style=\"--awb-bg-size:cover;--awb-width-large:100%;--awb-margin-top-large:129px;--awb-spacing-right-large:1.92%;--awb-margin-bottom-large:0px;--awb-spacing-left-large:1.92%;--awb-width-medium:100%;--awb-order-medium:0;--awb-margin-top-medium:128px;--awb-spacing-right-medium:1.92%;--awb-margin-bottom-medium:0;--awb-spacing-left-medium:1.92%;--awb-width-small:100%;--awb-order-small:0;--awb-margin-top-small:120px;--awb-spacing-right-small:1.92%;--awb-margin-bottom-small:0;--awb-spacing-left-small:1.92%;\"><div class=\"fusion-column-wrapper fusion-column-has-shadow fusion-flex-justify-content-flex-start fusion-content-layout-row\"><div class=\"fusion-text fusion-text-1\" style=\"--awb-text-color:var(--awb-color4);\"><p><a class=\"custom-button-link\" href=\"https:\/\/gasthof-koenigstuhl.de\/en\/experience-packages\/\"><i class=\"fb-icon-element-1 fb-icon-element fontawesome-icon arrowsarrow circle-no fusion-text-flow\" style=\"--awb-iconcolor:var(--awb-color4);--awb-iconcolor-hover:var(--awb-color4);--awb-font-size:12px;--awb-margin-right:6px;\"><\/i>\n<span class=\"custom-button-text\">ALL EXPERIENCE PACKAGES<\/span><br \/>\n<\/a><\/p>\n<\/div><\/div><\/div><div class=\"fusion-layout-column fusion_builder_column fusion-builder-column-1 fusion_builder_column_1_1 1_1 fusion-flex-column fusion-flex-align-self-flex-end\" style=\"--awb-bg-size:cover;--awb-width-large:100%;--awb-margin-top-large:370px;--awb-spacing-right-large:1.92%;--awb-margin-bottom-large:127px;--awb-spacing-left-large:1.92%;--awb-width-medium:100%;--awb-order-medium:0;--awb-margin-top-medium:200px;--awb-spacing-right-medium:1.92%;--awb-spacing-left-medium:1.92%;--awb-width-small:100%;--awb-order-small:0;--awb-margin-top-small:128px;--awb-spacing-right-small:1.92%;--awb-spacing-left-small:1.92%;\"><div class=\"fusion-column-wrapper fusion-column-has-shadow fusion-flex-justify-content-flex-start fusion-content-layout-column\"><div class=\"fusion-title title fusion-title-1 fusion-sep-none fusion-title-center fusion-title-text fusion-title-size-one h2s\" style=\"--awb-text-color:var(--awb-color4);\"><h1 class=\"fusion-title-heading title-heading-center fusion-responsive-typography-calculated\" style=\"margin:0;--fontSize:60;line-height:1.2;\">Hut fun<\/h1><\/div><\/div><\/div><\/div><\/div><div class=\"fusion-fullwidth fullwidth-box fusion-builder-row-2 fusion-flex-container has-pattern-background has-mask-background nonhundred-percent-fullwidth non-hundred-percent-height-scrolling\" style=\"--awb-border-radius-top-left:0px;--awb-border-radius-top-right:0px;--awb-border-radius-bottom-right:0px;--awb-border-radius-bottom-left:0px;--awb-margin-top:148px;--awb-margin-bottom:156px;--awb-margin-bottom-medium:96px;--awb-margin-top-small:96px;--awb-margin-bottom-small:96px;--awb-flex-wrap:wrap;\" ><div class=\"fusion-builder-row fusion-row fusion-flex-align-items-flex-start fusion-flex-align-content-flex-end fusion-flex-justify-content-center fusion-flex-content-wrap\" style=\"max-width:1612px;margin-left: calc(-4% \/ 2 );margin-right: calc(-4% \/ 2 );\"><div class=\"fusion-layout-column fusion_builder_column fusion-builder-column-2 fusion_builder_column_5_6 5_6 fusion-flex-column\" style=\"--awb-bg-size:cover;--awb-width-large:83.3333333333%;--awb-margin-top-large:0px;--awb-spacing-right-large:2.304%;--awb-margin-bottom-large:0px;--awb-spacing-left-large:2.304%;--awb-width-medium:83.3333333333%;--awb-order-medium:0;--awb-spacing-right-medium:2.304%;--awb-spacing-left-medium:2.304%;--awb-width-small:100%;--awb-order-small:0;--awb-spacing-right-small:1.92%;--awb-spacing-left-small:1.92%;\"><div class=\"fusion-column-wrapper fusion-column-has-shadow fusion-flex-justify-content-flex-start fusion-content-layout-column\"><div class=\"fusion-title title fusion-title-2 fusion-sep-none fusion-title-center fusion-title-text fusion-title-size-two h4s\" style=\"--awb-text-color:var(--awb-color5);--awb-margin-bottom:30px;\"><h2 class=\"fusion-title-heading title-heading-center fusion-responsive-typography-calculated\" style=\"margin:0;--fontSize:50;line-height:1.28;\">FEBRUARY 06, 2026<\/h2><\/div><div class=\"fusion-title title fusion-title-3 fusion-sep-none fusion-title-center fusion-title-text fusion-title-size-two h1s\" style=\"--awb-text-color:var(--awb-color5);--awb-margin-top:0px;\"><h2 class=\"fusion-title-heading title-heading-center fusion-responsive-typography-calculated\" style=\"margin:0;--fontSize:50;line-height:1.28;\">Hut fun<\/h2><\/div><\/div><\/div><div class=\"fusion-layout-column fusion_builder_column fusion-builder-column-3 fusion_builder_column_3_5 3_5 fusion-flex-column\" style=\"--awb-bg-size:cover;--awb-width-large:60%;--awb-margin-top-large:56px;--awb-spacing-right-large:3.2%;--awb-margin-bottom-large:0px;--awb-spacing-left-large:3.2%;--awb-width-medium:75%;--awb-order-medium:0;--awb-spacing-right-medium:2.56%;--awb-spacing-left-medium:2.56%;--awb-width-small:100%;--awb-order-small:0;--awb-margin-top-small:40px;--awb-spacing-right-small:1.92%;--awb-spacing-left-small:1.92%;\"><div class=\"fusion-column-wrapper fusion-column-has-shadow fusion-flex-justify-content-flex-start fusion-content-layout-column\"><div class=\"fusion-text fusion-text-2\" style=\"--awb-content-alignment:center;\"><p>An evening of alpine flair on Heidelberg&#8217;s local mountain!<\/p>\n<\/div><\/div><\/div><\/div><\/div><div class=\"fusion-fullwidth fullwidth-box fusion-builder-row-3 fusion-flex-container has-pattern-background has-mask-background nonhundred-percent-fullwidth non-hundred-percent-height-scrolling\" style=\"--awb-border-radius-top-left:0px;--awb-border-radius-top-right:0px;--awb-border-radius-bottom-right:0px;--awb-border-radius-bottom-left:0px;--awb-flex-wrap:wrap;\" ><div class=\"fusion-builder-row fusion-row fusion-flex-align-items-flex-start fusion-flex-content-wrap\" style=\"max-width:1612px;margin-left: calc(-4% \/ 2 );margin-right: calc(-4% \/ 2 );\"><div class=\"fusion-layout-column fusion_builder_column fusion-builder-column-4 fusion_builder_column_1_1 1_1 fusion-flex-column\" style=\"--awb-bg-size:cover;--awb-width-large:100%;--awb-margin-top-large:0px;--awb-spacing-right-large:1.92%;--awb-margin-bottom-large:20px;--awb-spacing-left-large:1.92%;--awb-width-medium:100%;--awb-order-medium:0;--awb-spacing-right-medium:1.92%;--awb-spacing-left-medium:1.92%;--awb-width-small:100%;--awb-order-small:0;--awb-spacing-right-small:1.92%;--awb-spacing-left-small:1.92%;\"><div class=\"fusion-column-wrapper fusion-column-has-shadow fusion-flex-justify-content-flex-start fusion-content-layout-column\"><div class=\"fusion-title title fusion-title-4 fusion-sep-none fusion-title-text fusion-title-size-two h2s\"><h2 class=\"fusion-title-heading title-heading-left fusion-responsive-typography-calculated\" style=\"margin:0;--fontSize:50;line-height:1.28;\"><div style=\"display: flex; align-items: center; justify-content: left;\">\n<div class=\"strich-desktop\" style=\"width: 72px; height: 1px; background-color: #2f3b2f; margin-right: 12px; padding-left: 0px;\"><\/div>\n<p style=\"margin: 0;\">Hut fun<\/p>\n<\/div><\/h2><\/div><\/div><\/div><\/div><\/div><div class=\"fusion-fullwidth fullwidth-box fusion-builder-row-4 fusion-flex-container has-pattern-background has-mask-background responsive-divider nonhundred-percent-fullwidth non-hundred-percent-height-scrolling\" style=\"--awb-border-radius-top-left:0px;--awb-border-radius-top-right:0px;--awb-border-radius-bottom-right:0px;--awb-border-radius-bottom-left:0px;--awb-margin-bottom:148px;--awb-margin-bottom-medium:96px;--awb-margin-bottom-small:96px;--awb-flex-wrap:wrap;\" ><div class=\"fusion-builder-row fusion-row fusion-flex-align-items-flex-start fusion-flex-align-content-flex-end fusion-flex-justify-content-space-between fusion-flex-content-wrap\" style=\"max-width:1612px;margin-left: calc(-4% \/ 2 );margin-right: calc(-4% \/ 2 );\"><div class=\"fusion-layout-column fusion_builder_column fusion-builder-column-5 fusion-flex-column column-left\" style=\"--awb-bg-size:cover;--awb-width-large:48%;--awb-margin-top-large:0px;--awb-spacing-right-large:4%;--awb-margin-bottom-large:0px;--awb-spacing-left-large:4%;--awb-width-medium:100%;--awb-order-medium:0;--awb-spacing-right-medium:1.92%;--awb-spacing-left-medium:1.92%;--awb-width-small:100%;--awb-order-small:0;--awb-spacing-right-small:1.92%;--awb-spacing-left-small:1.92%;\"><div class=\"fusion-column-wrapper fusion-column-has-shadow fusion-flex-justify-content-flex-start fusion-content-layout-column\"><div class=\"fusion-text fusion-text-3\" style=\"--awb-text-color:var(--awb-color1);\"><div style=\"line-height: 2.4;\">Live music with Alexandra Michaela from 6.30 pm with table reservation for Euro 69.00 p.p. including delicacy platter, main course of your choice and welcome drink. Dress code: preferably traditional costume.<\/div>\n<\/div><\/div><\/div><div class=\"fusion-layout-column fusion_builder_column fusion-builder-column-6 fusion-flex-column column-right\" style=\"--awb-bg-size:cover;--awb-width-large:48%;--awb-margin-top-large:0px;--awb-spacing-right-large:4%;--awb-margin-bottom-large:0px;--awb-spacing-left-large:4%;--awb-width-medium:100%;--awb-order-medium:0;--awb-spacing-right-medium:1.92%;--awb-spacing-left-medium:1.92%;--awb-width-small:100%;--awb-order-small:0;--awb-spacing-right-small:1.92%;--awb-spacing-left-small:1.92%;\"><div class=\"fusion-column-wrapper fusion-column-has-shadow fusion-flex-justify-content-flex-start fusion-content-layout-column\"><div class=\"fusion-title title fusion-title-5 fusion-sep-none fusion-title-text fusion-title-size-three h3s\"><h3 class=\"fusion-title-heading title-heading-left fusion-responsive-typography-calculated\" style=\"margin:0;--fontSize:36;line-height:1.3;\">Price:<\/h3><\/div><div class=\"fusion-text fusion-text-4\" style=\"--awb-text-color:var(--awb-color2);\"><p><span style=\"font-family: 'Effra Medium'; color: #7e947e;\">69.00 \u20ac p.p.<\/span><\/p>\n<\/div><\/div><\/div><\/div><\/div><div class=\"fusion-fullwidth fullwidth-box fusion-builder-row-5 fusion-flex-container has-pattern-background has-mask-background nonhundred-percent-fullwidth non-hundred-percent-height-scrolling fusion-no-medium-visibility fusion-no-large-visibility\" style=\"--awb-border-radius-top-left:0px;--awb-border-radius-top-right:0px;--awb-border-radius-bottom-right:0px;--awb-border-radius-bottom-left:0px;--awb-flex-wrap:wrap;\" ><div class=\"fusion-builder-row fusion-row fusion-flex-align-items-flex-start fusion-flex-content-wrap\" style=\"max-width:1612px;margin-left: calc(-4% \/ 2 );margin-right: calc(-4% \/ 2 );\"><div class=\"fusion-layout-column fusion_builder_column fusion-builder-column-7 fusion_builder_column_1_1 1_1 fusion-flex-column\" style=\"--awb-bg-size:cover;--awb-width-large:100%;--awb-margin-top-large:0px;--awb-spacing-right-large:1.92%;--awb-margin-bottom-large:20px;--awb-spacing-left-large:1.92%;--awb-width-medium:100%;--awb-order-medium:0;--awb-spacing-right-medium:1.92%;--awb-spacing-left-medium:1.92%;--awb-width-small:100%;--awb-order-small:0;--awb-spacing-right-small:1.92%;--awb-spacing-left-small:1.92%;\"><div class=\"fusion-column-wrapper fusion-column-has-shadow fusion-flex-justify-content-flex-start fusion-content-layout-column\"><div class=\"fusion-title title fusion-title-6 fusion-sep-none fusion-title-text fusion-title-size-two h2s \"><h2 class=\"fusion-title-heading title-heading-left fusion-responsive-typography-calculated\" style=\"margin:0;--fontSize:50;line-height:1.28;\">Hut fun<\/h2><\/div><\/div><\/div><\/div><\/div><div class=\"fusion-fullwidth fullwidth-box fusion-builder-row-6 fusion-flex-container has-pattern-background has-mask-background nonhundred-percent-fullwidth non-hundred-percent-height-scrolling\" style=\"--awb-border-radius-top-left:0px;--awb-border-radius-top-right:0px;--awb-border-radius-bottom-right:0px;--awb-border-radius-bottom-left:0px;--awb-flex-wrap:wrap;\" ><div class=\"fusion-builder-row fusion-row fusion-flex-align-items-center fusion-flex-align-content-flex-end fusion-flex-justify-content-space-between fusion-flex-content-wrap\" style=\"max-width:1612px;margin-left: calc(-4% \/ 2 );margin-right: calc(-4% \/ 2 );\"><div class=\"fusion-layout-column fusion_builder_column fusion-builder-column-8 fusion-flex-column zweispaltiger-text-col\" style=\"--awb-bg-size:cover;--awb-width-large:42%;--awb-margin-top-large:0px;--awb-spacing-right-large:4.57142857143%;--awb-margin-bottom-large:0px;--awb-spacing-left-large:4.57142857143%;--awb-width-medium:50%;--awb-order-medium:0;--awb-spacing-right-medium:3.84%;--awb-spacing-left-medium:3.84%;--awb-width-small:100%;--awb-order-small:0;--awb-spacing-right-small:1.92%;--awb-spacing-left-small:1.92%;\"><div class=\"fusion-column-wrapper fusion-column-has-shadow fusion-flex-justify-content-flex-start fusion-content-layout-column\"><div class=\"fusion-title title fusion-title-7 fusion-sep-none fusion-title-text fusion-title-size-two h2s\" style=\"--awb-text-color:var(--awb-color5);--awb-margin-bottom:56px;--awb-margin-bottom-small:32px;--awb-margin-bottom-medium:32px;\"><h2 class=\"fusion-title-heading title-heading-left fusion-responsive-typography-calculated\" style=\"margin:0;--fontSize:50;line-height:1.28;\">Period &amp; Contact<\/h2><\/div><div class=\"fusion-text fusion-text-5\"><p><span style=\"font-family: 'Effra Medium'; color: #324031;\">February 06, 2026 | Friday 18:00 &#8211; 00:00<\/span><\/p>\n<\/div><div class=\"fusion-text fusion-text-6 fusion-text-no-margin\" style=\"--awb-margin-bottom:40px;\"><div style=\"line-height: 2.0;\"><span style=\"font-family: 'Effra Medium'; color: #324031;\">BERGGASTHOF K\u00d6NIGSTUHL<\/span><br \/>\nK\u00d6NIGSTUHL 2<br \/>\n69117 HEIDELBERG<br \/>\nTEL.: <a href=\"tel:+4962214160300\">06221\/4160300<\/a><br \/>\nE-MAIL: <a href=\"mailto:info@gasthof-koenigstuhl.de\">INFO@GASTHOF-KOENIGSTUHL.DE<\/a><\/div>\n<\/div><\/div><\/div><div class=\"fusion-layout-column fusion_builder_column fusion-builder-column-9 fusion-flex-column\" style=\"--awb-bg-image:url(&#039;https:\/\/gasthof-koenigstuhl.de\/wp-content\/uploads\/2025\/08\/Berggasthof-Koenigstuhl-Oktober-Feierstimmung-Shooting-2021-10-06-765-1024x683.jpg&#039;);--awb-bg-size:cover;--awb-width-large:55%;--awb-margin-top-large:0px;--awb-spacing-right-large:3.49090909091%;--awb-margin-bottom-large:0px;--awb-spacing-left-large:3.49090909091%;--awb-width-medium:50%;--awb-order-medium:0;--awb-spacing-right-medium:3.84%;--awb-spacing-left-medium:3.84%;--awb-width-small:100%;--awb-order-small:0;--awb-spacing-right-small:1.92%;--awb-spacing-left-small:1.92%;\" data-scroll-devices=\"small-visibility,medium-visibility,large-visibility\"><div class=\"fusion-column-wrapper fusion-column-has-shadow fusion-flex-justify-content-flex-start fusion-content-layout-column fusion-empty-column-bg-image fusion-column-has-bg-image\" data-bg-url=\"https:\/\/gasthof-koenigstuhl.de\/wp-content\/uploads\/2025\/08\/Berggasthof-Koenigstuhl-Oktober-Feierstimmung-Shooting-2021-10-06-765-1024x683.jpg\"><img decoding=\"async\" class=\"fusion-empty-dims-img-placeholder\" alt=\"Feiern Berg-Gasthof K\u00f6nigstuhl Heidelberg\" aria-label=\"Berggasthof K\u00f6nigstuhl, Oktober, Feierstimmung -Shooting-2021-10-06-765\" src=\"data:image\/svg+xml,%3Csvg%20xmlns%3D%27http%3A%2F%2Fwww.w3.org%2F2000%2Fsvg%27%20width%3D%271024%27%20height%3D%27683%27%20viewBox%3D%270%200%201024%20683%27%3E%3Crect%20width%3D%271024%27%20height%3D%27683%27%20fill-opacity%3D%220%22%2F%3E%3C%2Fsvg%3E\"><\/div><\/div><\/div><\/div><div class=\"fusion-fullwidth fullwidth-box fusion-builder-row-7 fusion-flex-container has-pattern-background has-mask-background nonhundred-percent-fullwidth non-hundred-percent-height-scrolling\" style=\"--awb-border-radius-top-left:0px;--awb-border-radius-top-right:0px;--awb-border-radius-bottom-right:0px;--awb-border-radius-bottom-left:0px;--awb-margin-top:168px;--awb-margin-top-medium:96px;--awb-margin-top-small:96px;--awb-flex-wrap:wrap;\" ><div class=\"fusion-builder-row fusion-row fusion-flex-align-items-flex-start fusion-flex-content-wrap\" style=\"max-width:1612px;margin-left: calc(-4% \/ 2 );margin-right: calc(-4% \/ 2 );\"><div class=\"fusion-layout-column fusion_builder_column fusion-builder-column-10 fusion_builder_column_1_1 1_1 fusion-flex-column\" style=\"--awb-bg-image:url(&#039;https:\/\/gasthof-koenigstuhl.de\/wp-content\/uploads\/2025\/05\/Trenner@2x.png&#039;);--awb-bg-size:cover;--awb-width-large:100%;--awb-margin-top-large:0px;--awb-spacing-right-large:1.92%;--awb-margin-bottom-large:0px;--awb-spacing-left-large:1.92%;--awb-width-medium:100%;--awb-order-medium:0;--awb-spacing-right-medium:1.92%;--awb-spacing-left-medium:1.92%;--awb-width-small:100%;--awb-order-small:0;--awb-spacing-right-small:1.92%;--awb-spacing-left-small:1.92%;\"><div class=\"fusion-column-wrapper fusion-column-has-shadow fusion-flex-justify-content-flex-start fusion-content-layout-column fusion-column-has-bg-image\" data-bg-url=\"https:\/\/gasthof-koenigstuhl.de\/wp-content\/uploads\/2025\/05\/Trenner@2x.png\"><div class=\"fusion-title title fusion-title-8 fusion-sep-none fusion-title-center fusion-title-text fusion-title-size-three h2s\" style=\"--awb-text-color:var(--awb-color4);--awb-margin-top:718px;--awb-margin-bottom:112px;--awb-margin-top-small:200px;--awb-margin-bottom-small:80px;--awb-margin-top-medium:200px;--awb-margin-bottom-medium:80px;\"><h3 class=\"fusion-title-heading title-heading-center fusion-responsive-typography-calculated\" style=\"margin:0;--fontSize:36;line-height:1.3;\"><p>Your retreat at 570 meters<br \/>\n<!-- notionvc: 056d0c81-9975-434a-8aae-cb6fb35d3f3d --><\/p><\/h3><\/div><\/div><\/div><\/div><\/div>\n<\/p>\n","protected":false},"excerpt":{"rendered":"","protected":false},"author":2,"featured_media":0,"parent":0,"menu_order":0,"comment_status":"closed","ping_status":"closed","template":"100-width.php","meta":{"_acf_changed":false,"footnotes":""},"class_list":["post-3495","page","type-page","status-publish","hentry"],"acf":[],"yoast_head":"<!-- This site is optimized with the Yoast SEO plugin v26.8 - https:\/\/yoast.com\/product\/yoast-seo-wordpress\/ -->\n<title>Hut fun at the Berggasthof K\u00f6nigstuhl<\/title>\n<meta name=\"description\" content=\"Experience the H\u00fcttengaudi in the Berggasthof K\u00f6nigstuhl with live music, delicacies and traditional flair on Heidelberg&#039;s local mountain!\" \/>\n<meta name=\"robots\" content=\"index, follow, max-snippet:-1, max-image-preview:large, max-video-preview:-1\" \/>\n<link rel=\"canonical\" href=\"https:\/\/gasthof-koenigstuhl.de\/en\/hut-fun-2025\/\" \/>\n<meta property=\"og:locale\" content=\"en_US\" \/>\n<meta property=\"og:type\" content=\"article\" \/>\n<meta property=\"og:title\" content=\"Hut fun at the Berggasthof K\u00f6nigstuhl\" \/>\n<meta property=\"og:description\" content=\"Experience the H\u00fcttengaudi in the Berggasthof K\u00f6nigstuhl with live music, delicacies and traditional flair on Heidelberg&#039;s local mountain!\" \/>\n<meta property=\"og:url\" content=\"https:\/\/gasthof-koenigstuhl.de\/en\/hut-fun-2025\/\" \/>\n<meta property=\"og:site_name\" content=\"Gasthof K\u00f6nigstuhl\" \/>\n<meta property=\"article:modified_time\" content=\"2026-01-01T10:51:32+00:00\" \/>\n<meta name=\"twitter:card\" content=\"summary_large_image\" \/>\n<meta name=\"twitter:label1\" content=\"Est. reading time\" \/>\n\t<meta name=\"twitter:data1\" content=\"30 minutes\" \/>\n<script type=\"application\/ld+json\" class=\"yoast-schema-graph\">{\"@context\":\"https:\/\/schema.org\",\"@graph\":[{\"@type\":\"WebPage\",\"@id\":\"https:\/\/gasthof-koenigstuhl.de\/en\/hut-fun-2025\/\",\"url\":\"https:\/\/gasthof-koenigstuhl.de\/en\/hut-fun-2025\/\",\"name\":\"Hut fun at the Berggasthof K\u00f6nigstuhl\",\"isPartOf\":{\"@id\":\"https:\/\/gasthof-koenigstuhl.de\/en\/#website\"},\"datePublished\":\"2025-08-11T14:24:47+00:00\",\"dateModified\":\"2026-01-01T10:51:32+00:00\",\"description\":\"Experience the H\u00fcttengaudi in the Berggasthof K\u00f6nigstuhl with live music, delicacies and traditional flair on Heidelberg's local mountain!\",\"breadcrumb\":{\"@id\":\"https:\/\/gasthof-koenigstuhl.de\/en\/hut-fun-2025\/#breadcrumb\"},\"inLanguage\":\"en-US\",\"potentialAction\":[{\"@type\":\"ReadAction\",\"target\":[\"https:\/\/gasthof-koenigstuhl.de\/en\/hut-fun-2025\/\"]}]},{\"@type\":\"BreadcrumbList\",\"@id\":\"https:\/\/gasthof-koenigstuhl.de\/en\/hut-fun-2025\/#breadcrumb\",\"itemListElement\":[{\"@type\":\"ListItem\",\"position\":1,\"name\":\"Startseite\",\"item\":\"https:\/\/gasthof-koenigstuhl.de\/en\/home-page\/\"},{\"@type\":\"ListItem\",\"position\":2,\"name\":\"H\u00fcttengaudi 2026\"}]},{\"@type\":\"WebSite\",\"@id\":\"https:\/\/gasthof-koenigstuhl.de\/en\/#website\",\"url\":\"https:\/\/gasthof-koenigstuhl.de\/en\/\",\"name\":\"Gasthof K\u00f6nigstuhl\",\"description\":\"\",\"potentialAction\":[{\"@type\":\"SearchAction\",\"target\":{\"@type\":\"EntryPoint\",\"urlTemplate\":\"https:\/\/gasthof-koenigstuhl.de\/en\/?s={search_term_string}\"},\"query-input\":{\"@type\":\"PropertyValueSpecification\",\"valueRequired\":true,\"valueName\":\"search_term_string\"}}],\"inLanguage\":\"en-US\"}]}<\/script>\n<!-- \/ Yoast SEO plugin. -->","yoast_head_json":{"title":"Hut fun at the Berggasthof K\u00f6nigstuhl","description":"Experience the H\u00fcttengaudi in the Berggasthof K\u00f6nigstuhl with live music, delicacies and traditional flair on Heidelberg's local mountain!","robots":{"index":"index","follow":"follow","max-snippet":"max-snippet:-1","max-image-preview":"max-image-preview:large","max-video-preview":"max-video-preview:-1"},"canonical":"https:\/\/gasthof-koenigstuhl.de\/en\/hut-fun-2025\/","og_locale":"en_US","og_type":"article","og_title":"Hut fun at the Berggasthof K\u00f6nigstuhl","og_description":"Experience the H\u00fcttengaudi in the Berggasthof K\u00f6nigstuhl with live music, delicacies and traditional flair on Heidelberg's local mountain!","og_url":"https:\/\/gasthof-koenigstuhl.de\/en\/hut-fun-2025\/","og_site_name":"Gasthof K\u00f6nigstuhl","article_modified_time":"2026-01-01T10:51:32+00:00","twitter_card":"summary_large_image","twitter_misc":{"Est. reading time":"30 minutes"},"schema":{"@context":"https:\/\/schema.org","@graph":[{"@type":"WebPage","@id":"https:\/\/gasthof-koenigstuhl.de\/en\/hut-fun-2025\/","url":"https:\/\/gasthof-koenigstuhl.de\/en\/hut-fun-2025\/","name":"Hut fun at the Berggasthof K\u00f6nigstuhl","isPartOf":{"@id":"https:\/\/gasthof-koenigstuhl.de\/en\/#website"},"datePublished":"2025-08-11T14:24:47+00:00","dateModified":"2026-01-01T10:51:32+00:00","description":"Experience the H\u00fcttengaudi in the Berggasthof K\u00f6nigstuhl with live music, delicacies and traditional flair on Heidelberg's local mountain!","breadcrumb":{"@id":"https:\/\/gasthof-koenigstuhl.de\/en\/hut-fun-2025\/#breadcrumb"},"inLanguage":"en-US","potentialAction":[{"@type":"ReadAction","target":["https:\/\/gasthof-koenigstuhl.de\/en\/hut-fun-2025\/"]}]},{"@type":"BreadcrumbList","@id":"https:\/\/gasthof-koenigstuhl.de\/en\/hut-fun-2025\/#breadcrumb","itemListElement":[{"@type":"ListItem","position":1,"name":"Startseite","item":"https:\/\/gasthof-koenigstuhl.de\/en\/home-page\/"},{"@type":"ListItem","position":2,"name":"H\u00fcttengaudi 2026"}]},{"@type":"WebSite","@id":"https:\/\/gasthof-koenigstuhl.de\/en\/#website","url":"https:\/\/gasthof-koenigstuhl.de\/en\/","name":"Gasthof K\u00f6nigstuhl","description":"","potentialAction":[{"@type":"SearchAction","target":{"@type":"EntryPoint","urlTemplate":"https:\/\/gasthof-koenigstuhl.de\/en\/?s={search_term_string}"},"query-input":{"@type":"PropertyValueSpecification","valueRequired":true,"valueName":"search_term_string"}}],"inLanguage":"en-US"}]}},"_links":{"self":[{"href":"https:\/\/gasthof-koenigstuhl.de\/en\/wp-json\/wp\/v2\/pages\/3495","targetHints":{"allow":["GET"]}}],"collection":[{"href":"https:\/\/gasthof-koenigstuhl.de\/en\/wp-json\/wp\/v2\/pages"}],"about":[{"href":"https:\/\/gasthof-koenigstuhl.de\/en\/wp-json\/wp\/v2\/types\/page"}],"author":[{"embeddable":true,"href":"https:\/\/gasthof-koenigstuhl.de\/en\/wp-json\/wp\/v2\/users\/2"}],"replies":[{"embeddable":true,"href":"https:\/\/gasthof-koenigstuhl.de\/en\/wp-json\/wp\/v2\/comments?post=3495"}],"version-history":[{"count":8,"href":"https:\/\/gasthof-koenigstuhl.de\/en\/wp-json\/wp\/v2\/pages\/3495\/revisions"}],"predecessor-version":[{"id":4446,"href":"https:\/\/gasthof-koenigstuhl.de\/en\/wp-json\/wp\/v2\/pages\/3495\/revisions\/4446"}],"wp:attachment":[{"href":"https:\/\/gasthof-koenigstuhl.de\/en\/wp-json\/wp\/v2\/media?parent=3495"}],"curies":[{"name":"wp","href":"https:\/\/api.w.org\/{rel}","templated":true}]}}