{"id":3439,"date":"2025-05-22T17:39:09","date_gmt":"2025-05-22T15:39:09","guid":{"rendered":"https:\/\/gasthof-koenigstuhl.de\/how-to-find-us\/"},"modified":"2025-08-19T09:16:41","modified_gmt":"2025-08-19T07:16:41","slug":"how-to-find-us","status":"publish","type":"page","link":"https:\/\/gasthof-koenigstuhl.de\/en\/how-to-find-us\/","title":{"rendered":"Arrival"},"content":{"rendered":"<p><div class=\"fusion-fullwidth fullwidth-box fusion-builder-row-1 fusion-flex-container has-pattern-background has-mask-background fusion-parallax-none nonhundred-percent-fullwidth non-hundred-percent-height-scrolling\" style=\"--awb-border-radius-top-left:0px;--awb-border-radius-top-right:0px;--awb-border-radius-bottom-right:0px;--awb-border-radius-bottom-left:0px;--awb-background-image:url(&quot;https:\/\/gasthof-koenigstuhl.de\/wp-content\/uploads\/2025\/05\/Das-Hotel@2x.png&quot;);--awb-background-size:cover;--awb-flex-wrap:wrap;\" ><div class=\"fusion-builder-row fusion-row fusion-flex-align-items-flex-start fusion-flex-content-wrap\" style=\"max-width:1612px;margin-left: calc(-4% \/ 2 );margin-right: calc(-4% \/ 2 );\"><div class=\"fusion-layout-column fusion_builder_column fusion-builder-column-0 fusion_builder_column_1_1 1_1 fusion-flex-column fusion-flex-align-self-flex-end\" style=\"--awb-bg-size:cover;--awb-width-large:100%;--awb-margin-top-large:600px;--awb-spacing-right-large:1.92%;--awb-margin-bottom-large:127px;--awb-spacing-left-large:1.92%;--awb-width-medium:100%;--awb-order-medium:0;--awb-margin-top-medium:400px;--awb-spacing-right-medium:1.92%;--awb-spacing-left-medium:1.92%;--awb-width-small:100%;--awb-order-small:0;--awb-margin-top-small:300px;--awb-spacing-right-small:1.92%;--awb-spacing-left-small:1.92%;\"><div class=\"fusion-column-wrapper fusion-column-has-shadow fusion-flex-justify-content-flex-start fusion-content-layout-column\"><div class=\"fusion-title title fusion-title-1 fusion-sep-none fusion-title-center fusion-title-text fusion-title-size-one h2s\" style=\"--awb-text-color:var(--awb-color4);\"><h1 class=\"fusion-title-heading title-heading-center fusion-responsive-typography-calculated\" style=\"margin:0;--fontSize:60;line-height:1.2;\">Arrival<\/h1><\/div><\/div><\/div><\/div><\/div><div class=\"fusion-fullwidth fullwidth-box fusion-builder-row-2 fusion-flex-container has-pattern-background has-mask-background nonhundred-percent-fullwidth non-hundred-percent-height-scrolling\" style=\"--awb-border-radius-top-left:0px;--awb-border-radius-top-right:0px;--awb-border-radius-bottom-right:0px;--awb-border-radius-bottom-left:0px;--awb-margin-top:148px;--awb-margin-bottom:168px;--awb-margin-top-medium:96px;--awb-margin-bottom-medium:80px;--awb-margin-top-small:96px;--awb-margin-bottom-small:80px;--awb-flex-wrap:wrap;\" ><div class=\"fusion-builder-row fusion-row fusion-flex-align-items-flex-start fusion-flex-align-content-flex-end fusion-flex-justify-content-center fusion-flex-content-wrap\" style=\"max-width:1612px;margin-left: calc(-4% \/ 2 );margin-right: calc(-4% \/ 2 );\"><div class=\"fusion-layout-column fusion_builder_column fusion-builder-column-1 fusion_builder_column_5_6 5_6 fusion-flex-column\" style=\"--awb-bg-size:cover;--awb-width-large:83.3333333333%;--awb-margin-top-large:0px;--awb-spacing-right-large:2.304%;--awb-margin-bottom-large:0px;--awb-spacing-left-large:2.304%;--awb-width-medium:83.3333333333%;--awb-order-medium:0;--awb-spacing-right-medium:2.304%;--awb-spacing-left-medium:2.304%;--awb-width-small:100%;--awb-order-small:0;--awb-spacing-right-small:1.92%;--awb-spacing-left-small:1.92%;\"><div class=\"fusion-column-wrapper fusion-column-has-shadow fusion-flex-justify-content-flex-start fusion-content-layout-column\"><div class=\"fusion-title title fusion-title-2 fusion-sep-none fusion-title-center fusion-title-text fusion-title-size-two h4s\" style=\"--awb-text-color:var(--awb-color5);--awb-margin-bottom:30px;\"><h2 class=\"fusion-title-heading title-heading-center fusion-responsive-typography-calculated\" style=\"margin:0;--fontSize:50;line-height:1.28;\">K\u00d6NIGSTUHL 2 | 69117 HEIDELBERG<\/h2><\/div><div class=\"fusion-title title fusion-title-3 fusion-sep-none fusion-title-center fusion-title-text fusion-title-size-two h1s\" style=\"--awb-text-color:var(--awb-color5);--awb-margin-top:0px;\"><h2 class=\"fusion-title-heading title-heading-center fusion-responsive-typography-calculated\" style=\"margin:0;--fontSize:50;line-height:1.28;\">How to find us<\/h2><\/div><\/div><\/div><\/div><\/div><div class=\"fusion-fullwidth fullwidth-box fusion-builder-row-3 fusion-flex-container has-pattern-background has-mask-background responsive-divider nonhundred-percent-fullwidth non-hundred-percent-height-scrolling\" style=\"--awb-border-radius-top-left:0px;--awb-border-radius-top-right:0px;--awb-border-radius-bottom-right:0px;--awb-border-radius-bottom-left:0px;--awb-margin-bottom:148px;--awb-margin-bottom-medium:96px;--awb-margin-bottom-small:96px;--awb-flex-wrap:wrap;\" ><div class=\"fusion-builder-row fusion-row fusion-flex-align-items-flex-start fusion-flex-align-content-flex-end fusion-flex-justify-content-space-between fusion-flex-content-wrap\" style=\"max-width:1612px;margin-left: calc(-4% \/ 2 );margin-right: calc(-4% \/ 2 );\"><div class=\"fusion-layout-column fusion_builder_column fusion-builder-column-2 fusion-flex-column column-left\" style=\"--awb-bg-size:cover;--awb-width-large:48%;--awb-margin-top-large:0px;--awb-spacing-right-large:4%;--awb-margin-bottom-large:0px;--awb-spacing-left-large:4%;--awb-width-medium:75%;--awb-order-medium:0;--awb-spacing-right-medium:2.56%;--awb-spacing-left-medium:2.56%;--awb-width-small:100%;--awb-order-small:0;--awb-spacing-right-small:1.92%;--awb-spacing-left-small:1.92%;\"><div class=\"fusion-column-wrapper fusion-column-has-shadow fusion-flex-justify-content-flex-start fusion-content-layout-column\"><div class=\"fusion-title title fusion-title-4 fusion-sep-none fusion-title-text fusion-title-size-three h2s\" style=\"--awb-text-color:var(--awb-color1);--awb-margin-bottom:56px;--awb-margin-bottom-small:32px;--awb-margin-bottom-medium:32px;\"><h3 class=\"fusion-title-heading title-heading-left fusion-responsive-typography-calculated\" style=\"margin:0;--fontSize:36;line-height:1.3;\">Arrival by car<\/h3><\/div><div class=\"fusion-text fusion-text-1\"><p><span style=\"font-family: 'Effra Medium'; font-weight: 500; color: #7e947e;\">the old town of Heidelberg: <\/span>Lorem ipsum dolor sit<\/p>\n<\/div><div class=\"fusion-text fusion-text-2\"><p><span style=\"font-family: 'Effra Medium'; font-weight: 500; color: #7e947e;\">via Leimen:<\/span> At the northern exit of Leimen (after Heidelberger Zement) turn right onto the L600 towards Gaiberg \/ Lingental at the traffic circle before Gaiberg follow the signs to K\u00f6nigstuhl<\/p>\n<\/div><div class=\"fusion-text fusion-text-3 fusion-text-no-margin\" style=\"--awb-margin-bottom:40px;\"><p><span style=\"font-family: 'Effra Medium'; font-weight: 500; color: #7e947e;\">via Bammental\/Waldhilsbach: <\/span> From the B45 towards Waldhilsbach, follow the signs for &#8220;K\u00f6nigstuhl&#8221; and turn onto the K4162. Continue along the K4162 (becomes Heidelberger Stra\u00dfe, Neuer Hilsbacher Weg, K\u00f6nigstuhlweg).<\/p>\n<\/div><\/div><\/div><div class=\"fusion-layout-column fusion_builder_column fusion-builder-column-3 fusion-flex-column column-right\" style=\"--awb-bg-size:cover;--awb-width-large:48%;--awb-margin-top-large:0px;--awb-spacing-right-large:4%;--awb-margin-bottom-large:0px;--awb-spacing-left-large:4%;--awb-width-medium:75%;--awb-order-medium:0;--awb-spacing-right-medium:2.56%;--awb-spacing-left-medium:2.56%;--awb-width-small:100%;--awb-order-small:0;--awb-spacing-right-small:1.92%;--awb-spacing-left-small:1.92%;\"><div class=\"fusion-column-wrapper fusion-column-has-shadow fusion-flex-justify-content-flex-start fusion-content-layout-column\"><div class=\"fusion-title title fusion-title-5 fusion-sep-none fusion-title-text fusion-title-size-three h2s\" style=\"--awb-text-color:var(--awb-color1);--awb-margin-bottom:56px;--awb-margin-bottom-small:32px;--awb-margin-bottom-medium:32px;\"><h3 class=\"fusion-title-heading title-heading-left fusion-responsive-typography-calculated\" style=\"margin:0;--fontSize:36;line-height:1.3;\">Arrival by public transportation<\/h3><\/div><div class=\"fusion-text fusion-text-4\"><p><span style=\"font-family: 'Effra Medium'; font-weight: 500; color: #7e947e;\">Bus 39 <\/span>from Bismarckplatz in the direction of K\u00f6nigstuhl. <span style=\"font-family: 'Effra Medium'; font-weight: 500; color: #7e947e;\">Bus stop K\u00f6nigstuhl. <\/span> <\/p>\n<\/div><\/div><\/div><\/div><\/div><div class=\"fusion-fullwidth fullwidth-box fusion-builder-row-4 fusion-flex-container has-pattern-background has-mask-background nonhundred-percent-fullwidth non-hundred-percent-height-scrolling\" style=\"--awb-border-radius-top-left:0px;--awb-border-radius-top-right:0px;--awb-border-radius-bottom-right:0px;--awb-border-radius-bottom-left:0px;--awb-flex-wrap:wrap;\" ><div class=\"fusion-builder-row fusion-row fusion-flex-align-items-flex-start fusion-flex-content-wrap\" style=\"max-width:1612px;margin-left: calc(-4% \/ 2 );margin-right: calc(-4% \/ 2 );\"><div class=\"fusion-layout-column fusion_builder_column fusion-builder-column-4 fusion_builder_column_1_1 1_1 fusion-flex-column\" style=\"--awb-bg-size:cover;--awb-width-large:100%;--awb-margin-top-large:0px;--awb-spacing-right-large:1.92%;--awb-margin-bottom-large:0px;--awb-spacing-left-large:1.92%;--awb-width-medium:100%;--awb-order-medium:0;--awb-spacing-right-medium:1.92%;--awb-margin-bottom-medium:0px;--awb-spacing-left-medium:1.92%;--awb-width-small:100%;--awb-order-small:0;--awb-spacing-right-small:1.92%;--awb-margin-bottom-small:0px;--awb-spacing-left-small:1.92%;\"><div class=\"fusion-column-wrapper fusion-column-has-shadow fusion-flex-justify-content-flex-start fusion-content-layout-column\"><iframe src=\"https:\/\/www.google.com\/maps\/embed?pb=!1m18!1m12!1m3!1d2863.3336050482567!2d8.724918512157425!3d49.40381026204982!2m3!1f0!2f0!3f0!3m2!1i1024!2i768!4f13.1!3m3!1m2!1s0x4797c1b322916071:0x16eca5fb774983ba!2sK%C3%B6nigstuhl%202,%2069117%20Heidelberg!5e1!3m2!1sde!2sde!4v1749040174205!5m2!1sde!2sde\" width=\"100%\" height=\"600\" style=\"border:0;\" allowfullscreen=\"\" loading=\"lazy\" referrerpolicy=\"no-referrer-when-downgrade\"><\/iframe><\/div><\/div><\/div><\/div><\/p>\n","protected":false},"excerpt":{"rendered":"","protected":false},"author":1,"featured_media":0,"parent":0,"menu_order":0,"comment_status":"closed","ping_status":"closed","template":"100-width.php","meta":{"_acf_changed":false,"footnotes":""},"class_list":["post-3439","page","type-page","status-publish","hentry"],"acf":[],"yoast_head":"<!-- This site is optimized with the Yoast SEO plugin v26.8 - https:\/\/yoast.com\/product\/yoast-seo-wordpress\/ -->\n<title>Directions to Berggasthof K\u00f6nigstuhl - How to reach us<\/title>\n<meta name=\"description\" content=\"How to get to Berggasthof K\u00f6nigstuhl: Here you can find out how to reach us easily by car or public transport.\" \/>\n<meta name=\"robots\" content=\"index, follow, max-snippet:-1, max-image-preview:large, max-video-preview:-1\" \/>\n<link rel=\"canonical\" href=\"https:\/\/gasthof-koenigstuhl.de\/en\/how-to-find-us\/\" \/>\n<meta property=\"og:locale\" content=\"en_US\" \/>\n<meta property=\"og:type\" content=\"article\" \/>\n<meta property=\"og:title\" content=\"Directions to Berggasthof K\u00f6nigstuhl - How to reach us\" \/>\n<meta property=\"og:description\" content=\"How to get to Berggasthof K\u00f6nigstuhl: Here you can find out how to reach us easily by car or public transport.\" \/>\n<meta property=\"og:url\" content=\"https:\/\/gasthof-koenigstuhl.de\/en\/how-to-find-us\/\" \/>\n<meta property=\"og:site_name\" content=\"Gasthof K\u00f6nigstuhl\" \/>\n<meta property=\"article:modified_time\" content=\"2025-08-19T07:16:41+00:00\" \/>\n<meta name=\"twitter:card\" content=\"summary_large_image\" \/>\n<meta name=\"twitter:label1\" content=\"Est. reading time\" \/>\n\t<meta name=\"twitter:data1\" content=\"17 minutes\" \/>\n<script type=\"application\/ld+json\" class=\"yoast-schema-graph\">{\"@context\":\"https:\/\/schema.org\",\"@graph\":[{\"@type\":\"WebPage\",\"@id\":\"https:\/\/gasthof-koenigstuhl.de\/en\/how-to-find-us\/\",\"url\":\"https:\/\/gasthof-koenigstuhl.de\/en\/how-to-find-us\/\",\"name\":\"Directions to Berggasthof K\u00f6nigstuhl - How to reach us\",\"isPartOf\":{\"@id\":\"https:\/\/gasthof-koenigstuhl.de\/en\/#website\"},\"datePublished\":\"2025-05-22T15:39:09+00:00\",\"dateModified\":\"2025-08-19T07:16:41+00:00\",\"description\":\"How to get to Berggasthof K\u00f6nigstuhl: Here you can find out how to reach us easily by car or public transport.\",\"breadcrumb\":{\"@id\":\"https:\/\/gasthof-koenigstuhl.de\/en\/how-to-find-us\/#breadcrumb\"},\"inLanguage\":\"en-US\",\"potentialAction\":[{\"@type\":\"ReadAction\",\"target\":[\"https:\/\/gasthof-koenigstuhl.de\/en\/how-to-find-us\/\"]}]},{\"@type\":\"BreadcrumbList\",\"@id\":\"https:\/\/gasthof-koenigstuhl.de\/en\/how-to-find-us\/#breadcrumb\",\"itemListElement\":[{\"@type\":\"ListItem\",\"position\":1,\"name\":\"Startseite\",\"item\":\"https:\/\/gasthof-koenigstuhl.de\/en\/home-page\/\"},{\"@type\":\"ListItem\",\"position\":2,\"name\":\"Arrival\"}]},{\"@type\":\"WebSite\",\"@id\":\"https:\/\/gasthof-koenigstuhl.de\/en\/#website\",\"url\":\"https:\/\/gasthof-koenigstuhl.de\/en\/\",\"name\":\"Gasthof K\u00f6nigstuhl\",\"description\":\"\",\"potentialAction\":[{\"@type\":\"SearchAction\",\"target\":{\"@type\":\"EntryPoint\",\"urlTemplate\":\"https:\/\/gasthof-koenigstuhl.de\/en\/?s={search_term_string}\"},\"query-input\":{\"@type\":\"PropertyValueSpecification\",\"valueRequired\":true,\"valueName\":\"search_term_string\"}}],\"inLanguage\":\"en-US\"}]}<\/script>\n<!-- \/ Yoast SEO plugin. -->","yoast_head_json":{"title":"Directions to Berggasthof K\u00f6nigstuhl - How to reach us","description":"How to get to Berggasthof K\u00f6nigstuhl: Here you can find out how to reach us easily by car or public transport.","robots":{"index":"index","follow":"follow","max-snippet":"max-snippet:-1","max-image-preview":"max-image-preview:large","max-video-preview":"max-video-preview:-1"},"canonical":"https:\/\/gasthof-koenigstuhl.de\/en\/how-to-find-us\/","og_locale":"en_US","og_type":"article","og_title":"Directions to Berggasthof K\u00f6nigstuhl - How to reach us","og_description":"How to get to Berggasthof K\u00f6nigstuhl: Here you can find out how to reach us easily by car or public transport.","og_url":"https:\/\/gasthof-koenigstuhl.de\/en\/how-to-find-us\/","og_site_name":"Gasthof K\u00f6nigstuhl","article_modified_time":"2025-08-19T07:16:41+00:00","twitter_card":"summary_large_image","twitter_misc":{"Est. reading time":"17 minutes"},"schema":{"@context":"https:\/\/schema.org","@graph":[{"@type":"WebPage","@id":"https:\/\/gasthof-koenigstuhl.de\/en\/how-to-find-us\/","url":"https:\/\/gasthof-koenigstuhl.de\/en\/how-to-find-us\/","name":"Directions to Berggasthof K\u00f6nigstuhl - How to reach us","isPartOf":{"@id":"https:\/\/gasthof-koenigstuhl.de\/en\/#website"},"datePublished":"2025-05-22T15:39:09+00:00","dateModified":"2025-08-19T07:16:41+00:00","description":"How to get to Berggasthof K\u00f6nigstuhl: Here you can find out how to reach us easily by car or public transport.","breadcrumb":{"@id":"https:\/\/gasthof-koenigstuhl.de\/en\/how-to-find-us\/#breadcrumb"},"inLanguage":"en-US","potentialAction":[{"@type":"ReadAction","target":["https:\/\/gasthof-koenigstuhl.de\/en\/how-to-find-us\/"]}]},{"@type":"BreadcrumbList","@id":"https:\/\/gasthof-koenigstuhl.de\/en\/how-to-find-us\/#breadcrumb","itemListElement":[{"@type":"ListItem","position":1,"name":"Startseite","item":"https:\/\/gasthof-koenigstuhl.de\/en\/home-page\/"},{"@type":"ListItem","position":2,"name":"Arrival"}]},{"@type":"WebSite","@id":"https:\/\/gasthof-koenigstuhl.de\/en\/#website","url":"https:\/\/gasthof-koenigstuhl.de\/en\/","name":"Gasthof K\u00f6nigstuhl","description":"","potentialAction":[{"@type":"SearchAction","target":{"@type":"EntryPoint","urlTemplate":"https:\/\/gasthof-koenigstuhl.de\/en\/?s={search_term_string}"},"query-input":{"@type":"PropertyValueSpecification","valueRequired":true,"valueName":"search_term_string"}}],"inLanguage":"en-US"}]}},"_links":{"self":[{"href":"https:\/\/gasthof-koenigstuhl.de\/en\/wp-json\/wp\/v2\/pages\/3439","targetHints":{"allow":["GET"]}}],"collection":[{"href":"https:\/\/gasthof-koenigstuhl.de\/en\/wp-json\/wp\/v2\/pages"}],"about":[{"href":"https:\/\/gasthof-koenigstuhl.de\/en\/wp-json\/wp\/v2\/types\/page"}],"author":[{"embeddable":true,"href":"https:\/\/gasthof-koenigstuhl.de\/en\/wp-json\/wp\/v2\/users\/1"}],"replies":[{"embeddable":true,"href":"https:\/\/gasthof-koenigstuhl.de\/en\/wp-json\/wp\/v2\/comments?post=3439"}],"version-history":[{"count":2,"href":"https:\/\/gasthof-koenigstuhl.de\/en\/wp-json\/wp\/v2\/pages\/3439\/revisions"}],"predecessor-version":[{"id":3622,"href":"https:\/\/gasthof-koenigstuhl.de\/en\/wp-json\/wp\/v2\/pages\/3439\/revisions\/3622"}],"wp:attachment":[{"href":"https:\/\/gasthof-koenigstuhl.de\/en\/wp-json\/wp\/v2\/media?parent=3439"}],"curies":[{"name":"wp","href":"https:\/\/api.w.org\/{rel}","templated":true}]}}